{"id":549,"date":"2021-11-04T15:52:27","date_gmt":"2021-11-04T15:52:27","guid":{"rendered":"https:\/\/staging.liquid-themes.com\/masonry-shop\/?page_id=549"},"modified":"2025-01-20T00:25:20","modified_gmt":"2025-01-20T00:25:20","slug":"about","status":"publish","type":"page","link":"https:\/\/auzee.ma\/fr\/about\/","title":{"rendered":"\u00c0 propos"},"content":{"rendered":"<div data-elementor-type=\"wp-page\" data-elementor-id=\"549\" class=\"elementor elementor-549\">\n\t\t\t\t\t\t<section class=\"elementor-section elementor-top-section elementor-element elementor-element-0060416 elementor-section-boxed elementor-section-height-default elementor-section-height-default\" data-id=\"0060416\" data-element_type=\"section\">\n\t\t\t\t\t\t<div class=\"elementor-container elementor-column-gap-default\">\n\t\t\t\t\t<div class=\"elementor-column elementor-col-100 elementor-top-column elementor-element elementor-element-48d638d\" data-id=\"48d638d\" data-element_type=\"column\">\n\t\t\t<div class=\"elementor-widget-wrap elementor-element-populated\">\n\t\t\t\t\t\t<section class=\"elementor-section elementor-inner-section elementor-element elementor-element-064e1e9 elementor-section-boxed elementor-section-height-default elementor-section-height-default\" data-id=\"064e1e9\" data-element_type=\"section\">\n\t\t\t\t\t\t<div class=\"elementor-container elementor-column-gap-no\">\n\t\t\t\t\t<div class=\"elementor-column elementor-col-100 elementor-inner-column elementor-element elementor-element-769e707\" data-id=\"769e707\" data-element_type=\"column\">\n\t\t\t<div class=\"elementor-widget-wrap elementor-element-populated\">\n\t\t\t\t\t\t<div class=\"elementor-element elementor-element-3bb34c9 elementor-widget elementor-widget-hub_fancy_heading\" data-id=\"3bb34c9\" data-element_type=\"widget\" data-widget_type=\"hub_fancy_heading.default\">\n\t\t\t\t<div class=\"elementor-widget-container\">\n\t\t\t\t\t\n\t\t<div id=\"ld-fancy-heading-69e738f2c61b9\" class=\"ld-fancy-heading pos-rel\">\n\t\t\t<h1 class=\"ld-fh-element d-inline-block pos-rel  elementor-heading-title lqd-highlight-classic lqd-highlight-grow-left h1\"  > La marque Auz\u00e9e<\/h1>\t\t<\/div>\n\n\t\t\t\t\t\t<\/div>\n\t\t\t\t<\/div>\n\t\t\t\t<div class=\"elementor-element elementor-element-d106073 elementor-widget elementor-widget-hub_fancy_heading\" data-id=\"d106073\" data-element_type=\"widget\" data-widget_type=\"hub_fancy_heading.default\">\n\t\t\t\t<div class=\"elementor-widget-container\">\n\t\t\t\t\t\n\t\t<div id=\"ld-fancy-heading-69e738f2c6615\" class=\"ld-fancy-heading pos-rel\">\n\t\t\t<h1 class=\"ld-fh-element d-inline-block pos-rel  elementor-heading-title lqd-highlight-classic lqd-highlight-grow-left h1\"  > Chez Auz\u00e9e, nous c\u00e9l\u00e9brons l'\u00e9l\u00e9gance et l'audace. N\u00e9e de la vision d'une femme marocaine qui a os\u00e9 suivre son r\u00eave d'enfant, notre marque fait le pont entre modernit\u00e9 et tradition.\n<\/h1>\t\t<\/div>\n\n\t\t\t\t\t\t<\/div>\n\t\t\t\t<\/div>\n\t\t\t\t\t<\/div>\n\t\t<\/div>\n\t\t\t\t\t<\/div>\n\t\t<\/section>\n\t\t\t\t\t<\/div>\n\t\t<\/div>\n\t\t\t\t\t<\/div>\n\t\t<\/section>\n\t\t\t\t<section class=\"elementor-section elementor-top-section elementor-element elementor-element-9266ae2 elementor-section-full_width elementor-section-height-min-height elementor-section-height-default elementor-section-items-middle\" data-id=\"9266ae2\" data-element_type=\"section\" data-settings=\"{&quot;background_background&quot;:&quot;classic&quot;}\">\n\t\t\t\t\t\t<div class=\"elementor-container elementor-column-gap-no\">\n\t\t\t\t\t<div class=\"elementor-column elementor-col-100 elementor-top-column elementor-element elementor-element-dcde483\" data-id=\"dcde483\" data-element_type=\"column\">\n\t\t\t<div class=\"elementor-widget-wrap\">\n\t\t\t\t\t\t\t<\/div>\n\t\t<\/div>\n\t\t\t\t\t<\/div>\n\t\t<\/section>\n\t\t\t\t<section class=\"elementor-section elementor-top-section elementor-element elementor-element-6a83af1 elementor-section-full_width elementor-section-height-default elementor-section-height-default\" data-id=\"6a83af1\" data-element_type=\"section\">\n\t\t\t\t\t\t<div class=\"elementor-container elementor-column-gap-no\">\n\t\t\t\t\t<div class=\"elementor-column elementor-col-100 elementor-top-column elementor-element elementor-element-004be95\" data-id=\"004be95\" data-element_type=\"column\">\n\t\t\t<div class=\"elementor-widget-wrap elementor-element-populated\">\n\t\t\t\t\t\t<section class=\"elementor-section elementor-inner-section elementor-element elementor-element-3709897 elementor-section-boxed elementor-section-height-default elementor-section-height-default\" data-id=\"3709897\" data-element_type=\"section\">\n\t\t\t\t\t\t<div class=\"elementor-container elementor-column-gap-no\">\n\t\t\t\t\t<div class=\"elementor-column elementor-col-100 elementor-inner-column elementor-element elementor-element-c20984f\" data-id=\"c20984f\" data-element_type=\"column\">\n\t\t\t<div class=\"elementor-widget-wrap elementor-element-populated\">\n\t\t\t\t\t\t<div class=\"elementor-element elementor-element-d766b36 elementor-widget elementor-widget-hub_fancy_heading\" data-id=\"d766b36\" data-element_type=\"widget\" data-widget_type=\"hub_fancy_heading.default\">\n\t\t\t\t<div class=\"elementor-widget-container\">\n\t\t\t\t\t\n\t\t<div id=\"ld-fancy-heading-69e738f2c6959\" class=\"ld-fancy-heading pos-rel\">\n\t\t\t<h2 class=\"ld-fh-element d-inline-block pos-rel  elementor-heading-title lqd-highlight-classic lqd-highlight-grow-left h2\"  > \u00c9l\u00e9gance, Authenticit\u00e9, Design Intemporel.\n<\/h2>\t\t<\/div>\n\n\t\t\t\t\t\t<\/div>\n\t\t\t\t<\/div>\n\t\t\t\t<div class=\"elementor-element elementor-element-47f2343 elementor-widget elementor-widget-hub_fancy_heading\" data-id=\"47f2343\" data-element_type=\"widget\" data-widget_type=\"hub_fancy_heading.default\">\n\t\t\t\t<div class=\"elementor-widget-container\">\n\t\t\t\t\t\n\t\t<div id=\"ld-fancy-heading-69e738f2c6ca3\" class=\"ld-fancy-heading pos-rel\">\n\t\t\t<p class=\"ld-fh-element d-inline-block pos-rel  lqd-highlight-classic lqd-highlight-grow-left p\"  > Chez Auz\u00e9e, chaque pi\u00e8ce est un hommage \u00e0 la force et \u00e0 l'\u00e9l\u00e9gance des femmes modernes. Inspir\u00e9es par l'h\u00e9ritage marocain et r\u00e9alis\u00e9es avec pr\u00e9cision, nos collections allient une cr\u00e9ativit\u00e9 audacieuse \u00e0 une sophistication intemporelle.<\/p>\t\t<\/div>\n\n\t\t\t\t\t\t<\/div>\n\t\t\t\t<\/div>\n\t\t\t\t\t<\/div>\n\t\t<\/div>\n\t\t\t\t\t<\/div>\n\t\t<\/section>\n\t\t\t\t\t<\/div>\n\t\t<\/div>\n\t\t\t\t\t<\/div>\n\t\t<\/section>\n\t\t\t\t<section class=\"elementor-section elementor-top-section elementor-element elementor-element-8aa46dd elementor-section-full_width elementor-section-height-default elementor-section-height-default\" data-id=\"8aa46dd\" data-element_type=\"section\">\n\t\t\t\t\t\t<div class=\"elementor-container elementor-column-gap-default\">\n\t\t\t\t\t<div class=\"elementor-column elementor-col-16 elementor-top-column elementor-element elementor-element-bcff8fd\" data-id=\"bcff8fd\" data-element_type=\"column\">\n\t\t\t<div class=\"elementor-widget-wrap elementor-element-populated\">\n\t\t\t\t\t\t<div data-parallax=\"true\" data-parallax-options=\"{&quot;ease&quot;:[&quot;linear&quot;],&quot;start&quot;:&quot;top bottom&quot;,&quot;end&quot;:&quot;bottom+=0px top&quot;}\" data-parallax-from=\"{&quot;x&quot;:&quot;px&quot;,&quot;y&quot;:&quot;-50px&quot;,&quot;transformOrigin&quot;:&quot;50% 50% 0px&quot;}\" data-parallax-to=\"{&quot;x&quot;:&quot;0px&quot;,&quot;y&quot;:&quot;110px&quot;,&quot;transformOrigin&quot;:&quot;50% 50% 0px&quot;}\" class=\"elementor-element elementor-element-fb7dc70 elementor-widget elementor-widget-ld_fancy_image\" data-id=\"fb7dc70\" data-element_type=\"widget\" data-widget_type=\"ld_fancy_image.default\">\n\t\t\t\t<div class=\"elementor-widget-container\">\n\t\t\t\t\t\n\t\t<div class=\"lqd-imggrp-single d-block pos-rel\">\n\t\t\t<div class=\"lqd-imggrp-img-container d-inline-flex pos-rel align-items-center justify-content-center\">\n\t\t\t\t\t\t\t\t<figure class=\"w-100 pos-rel\">\n\t\t\t\t\t<img fetchpriority=\"high\" decoding=\"async\" width=\"2661\" height=\"4037\" src=\"https:\/\/auzee.ma\/wp-content\/uploads\/2025\/01\/image00017.jpeg\" class=\"attachment-full size-full wp-image-669\" alt=\"\" srcset=\"https:\/\/auzee.ma\/wp-content\/uploads\/2025\/01\/image00017.jpeg 2661w, https:\/\/auzee.ma\/wp-content\/uploads\/2025\/01\/image00017-198x300.jpeg 198w, https:\/\/auzee.ma\/wp-content\/uploads\/2025\/01\/image00017-675x1024.jpeg 675w, https:\/\/auzee.ma\/wp-content\/uploads\/2025\/01\/image00017-1012x1536.jpeg 1012w, https:\/\/auzee.ma\/wp-content\/uploads\/2025\/01\/image00017-1350x2048.jpeg 1350w, https:\/\/auzee.ma\/wp-content\/uploads\/2025\/01\/image00017-600x910.jpeg 600w\" sizes=\"(max-width: 2661px) 100vw, 2661px\" itemprop=\"image\" \/>\t\t\t\t\t\t\t\t\t\t\t\t\t\t\t\t\t\t\t\t\t\t\t\t\t\t\t\t\t<\/figure>\n\t\t\t<\/div>\n\t\t<\/div>\n\n\t\t\t\t\t<\/div>\n\t\t\t\t<\/div>\n\t\t\t\t\t<\/div>\n\t\t<\/div>\n\t\t\t\t<div class=\"elementor-column elementor-col-16 elementor-top-column elementor-element elementor-element-2c6b3cc\" data-id=\"2c6b3cc\" data-element_type=\"column\">\n\t\t\t<div class=\"elementor-widget-wrap elementor-element-populated\">\n\t\t\t\t\t\t<div data-parallax=\"true\" data-parallax-options=\"{&quot;ease&quot;:[&quot;linear&quot;],&quot;start&quot;:&quot;top bottom&quot;,&quot;end&quot;:&quot;bottom+=0px top&quot;}\" data-parallax-from=\"{&quot;x&quot;:&quot;px&quot;,&quot;y&quot;:&quot;50px&quot;,&quot;transformOrigin&quot;:&quot;50% 50% 0px&quot;}\" data-parallax-to=\"{&quot;x&quot;:&quot;0px&quot;,&quot;y&quot;:&quot;-50px&quot;,&quot;transformOrigin&quot;:&quot;50% 50% 0px&quot;}\" class=\"elementor-element elementor-element-55978fd elementor-widget elementor-widget-ld_fancy_image\" data-id=\"55978fd\" data-element_type=\"widget\" data-widget_type=\"ld_fancy_image.default\">\n\t\t\t\t<div class=\"elementor-widget-container\">\n\t\t\t\t\t\n\t\t<div class=\"lqd-imggrp-single d-block pos-rel\">\n\t\t\t<div class=\"lqd-imggrp-img-container d-inline-flex pos-rel align-items-center justify-content-center\">\n\t\t\t\t\t\t\t\t<figure class=\"w-100 pos-rel\">\n\t\t\t\t\t<img decoding=\"async\" width=\"2745\" height=\"4109\" src=\"data:image\/svg+xml;charset=utf-8,%3Csvg xmlns%3D&#039;http%3A%2F%2Fwww.w3.org%2F2000%2Fsvg&#039; viewBox%3D&#039;0 0 2745 4109&#039;%2F%3E\" class=\"attachment-full size-full wp-image-670 ld-lazyload\" alt=\"\" itemprop=\"image\" data-src=\"https:\/\/auzee.ma\/wp-content\/uploads\/2025\/01\/image00018.jpeg\" data-srcset=\"https:\/\/auzee.ma\/wp-content\/uploads\/2025\/01\/image00018.jpeg 2745w, https:\/\/auzee.ma\/wp-content\/uploads\/2025\/01\/image00018-200x300.jpeg 200w, https:\/\/auzee.ma\/wp-content\/uploads\/2025\/01\/image00018-684x1024.jpeg 684w, https:\/\/auzee.ma\/wp-content\/uploads\/2025\/01\/image00018-1026x1536.jpeg 1026w, https:\/\/auzee.ma\/wp-content\/uploads\/2025\/01\/image00018-1368x2048.jpeg 1368w, https:\/\/auzee.ma\/wp-content\/uploads\/2025\/01\/image00018-600x898.jpeg 600w\" data-sizes=\"(max-width: 2745px) 100vw, 2745px\" data-aspect=\"0.66804575322463\" \/>\t\t\t\t\t\t\t\t\t\t\t\t\t\t\t\t\t\t\t\t\t\t\t\t\t\t\t\t\t<\/figure>\n\t\t\t<\/div>\n\t\t<\/div>\n\n\t\t\t\t\t<\/div>\n\t\t\t\t<\/div>\n\t\t\t\t\t<\/div>\n\t\t<\/div>\n\t\t\t\t<div class=\"elementor-column elementor-col-66 elementor-top-column elementor-element elementor-element-1dd654e\" data-id=\"1dd654e\" data-element_type=\"column\">\n\t\t\t<div class=\"elementor-widget-wrap elementor-element-populated\">\n\t\t\t\t\t\t<div data-parallax=\"true\" data-parallax-options=\"{&quot;ease&quot;:[&quot;linear&quot;],&quot;start&quot;:&quot;top bottom&quot;,&quot;end&quot;:&quot;bottom+=0px top&quot;}\" data-parallax-from=\"{&quot;y&quot;:&quot;-200px&quot;,&quot;transformOrigin&quot;:&quot;50% 50% 0px&quot;}\" data-parallax-to=\"{&quot;y&quot;:&quot;0px&quot;,&quot;transformOrigin&quot;:&quot;50% 50% 0px&quot;}\" class=\"elementor-element elementor-element-a84fa58 elementor-widget elementor-widget-ld_fancy_image\" data-id=\"a84fa58\" data-element_type=\"widget\" data-widget_type=\"ld_fancy_image.default\">\n\t\t\t\t<div class=\"elementor-widget-container\">\n\t\t\t\t\t\n\t\t<div class=\"lqd-imggrp-single d-block pos-rel\">\n\t\t\t<div class=\"lqd-imggrp-img-container d-inline-flex pos-rel align-items-center justify-content-center\">\n\t\t\t\t\t\t\t\t<figure class=\"w-100 pos-rel\">\n\t\t\t\t\t<img decoding=\"async\" width=\"2621\" height=\"3894\" src=\"data:image\/svg+xml;charset=utf-8,%3Csvg xmlns%3D&#039;http%3A%2F%2Fwww.w3.org%2F2000%2Fsvg&#039; viewBox%3D&#039;0 0 2621 3894&#039;%2F%3E\" class=\"attachment-full size-full wp-image-667 ld-lazyload\" alt=\"\" itemprop=\"image\" data-src=\"https:\/\/auzee.ma\/wp-content\/uploads\/2025\/01\/image00015.jpeg\" data-srcset=\"https:\/\/auzee.ma\/wp-content\/uploads\/2025\/01\/image00015.jpeg 2621w, https:\/\/auzee.ma\/wp-content\/uploads\/2025\/01\/image00015-202x300.jpeg 202w, https:\/\/auzee.ma\/wp-content\/uploads\/2025\/01\/image00015-689x1024.jpeg 689w, https:\/\/auzee.ma\/wp-content\/uploads\/2025\/01\/image00015-1034x1536.jpeg 1034w, https:\/\/auzee.ma\/wp-content\/uploads\/2025\/01\/image00015-1378x2048.jpeg 1378w, https:\/\/auzee.ma\/wp-content\/uploads\/2025\/01\/image00015-600x891.jpeg 600w\" data-sizes=\"(max-width: 2621px) 100vw, 2621px\" data-aspect=\"0.67308680020544\" \/>\t\t\t\t\t\t\t\t\t\t\t\t\t\t\t\t\t\t\t\t\t\t\t\t\t\t\t\t\t<\/figure>\n\t\t\t<\/div>\n\t\t<\/div>\n\n\t\t\t\t\t<\/div>\n\t\t\t\t<\/div>\n\t\t\t\t\t<\/div>\n\t\t<\/div>\n\t\t\t\t\t<\/div>\n\t\t<\/section>\n\t\t\t\t<section class=\"elementor-section elementor-top-section elementor-element elementor-element-8501076 elementor-section-full_width elementor-section-height-default elementor-section-height-default\" data-id=\"8501076\" data-element_type=\"section\">\n\t\t\t\t\t\t<div class=\"elementor-container elementor-column-gap-default\">\n\t\t\t\t\t<div class=\"elementor-column elementor-col-100 elementor-top-column elementor-element elementor-element-801a06d\" data-id=\"801a06d\" data-element_type=\"column\">\n\t\t\t<div class=\"elementor-widget-wrap elementor-element-populated\">\n\t\t\t\t\t\t<section class=\"elementor-section elementor-inner-section elementor-element elementor-element-780f4b4 elementor-section-boxed elementor-section-height-default elementor-section-height-default\" data-id=\"780f4b4\" data-element_type=\"section\">\n\t\t\t\t\t\t<div class=\"elementor-container elementor-column-gap-no\">\n\t\t\t\t\t<div class=\"elementor-column elementor-col-100 elementor-inner-column elementor-element elementor-element-a515708\" data-id=\"a515708\" data-element_type=\"column\">\n\t\t\t<div class=\"elementor-widget-wrap elementor-element-populated\">\n\t\t\t\t\t\t<div class=\"elementor-element elementor-element-09fcfc5 elementor-widget elementor-widget-hub_fancy_heading\" data-id=\"09fcfc5\" data-element_type=\"widget\" data-widget_type=\"hub_fancy_heading.default\">\n\t\t\t\t<div class=\"elementor-widget-container\">\n\t\t\t\t\t\n\t\t<div id=\"ld-fancy-heading-69e738f2e73ff\" class=\"ld-fancy-heading pos-rel\">\n\t\t\t<p class=\"ld-fh-element d-inline-block pos-rel  lqd-highlight-classic lqd-highlight-grow-left p\"  > Engag\u00e9e envers la qualit\u00e9 et l'exclusivit\u00e9, Auz\u00e9e cr\u00e9e des designs intemporels qui c\u00e9l\u00e8brent l'\u00e9l\u00e9gance et l'individualit\u00e9. Chaque pi\u00e8ce raconte une histoire de passion, alliant l'h\u00e9ritage marocain \u00e0 une sophistication contemporaine.<\/p>\t\t<\/div>\n\n\t\t\t\t\t\t<\/div>\n\t\t\t\t<\/div>\n\t\t\t\t\t<\/div>\n\t\t<\/div>\n\t\t\t\t\t<\/div>\n\t\t<\/section>\n\t\t\t\t\t<\/div>\n\t\t<\/div>\n\t\t\t\t\t<\/div>\n\t\t<\/section>\n\t\t\t\t<section class=\"elementor-section elementor-top-section elementor-element elementor-element-d53d1a1 elementor-section-boxed elementor-section-height-default elementor-section-height-default\" data-id=\"d53d1a1\" data-element_type=\"section\">\n\t\t\t\t\t\t<div class=\"elementor-container elementor-column-gap-no\">\n\t\t\t\t\t<div class=\"elementor-column elementor-col-33 elementor-top-column elementor-element elementor-element-4cf1443\" data-id=\"4cf1443\" data-element_type=\"column\">\n\t\t\t<div class=\"elementor-widget-wrap elementor-element-populated\">\n\t\t\t\t\t\t<div class=\"elementor-element elementor-element-17fbdce elementor-align-center elementor-widget elementor-widget-ld_icon_box\" data-id=\"17fbdce\" data-element_type=\"widget\" data-widget_type=\"ld_icon_box.default\">\n\t\t\t\t<div class=\"elementor-widget-container\">\n\t\t\t\t\t\n\t\t\t<div id=\"ld_icon_box_17fbdce\" class=\"iconbox d-flex flex-grow-1 pos-rel flex-column iconbox-default\"   >\n\n\t\t\t\t\n\t\t\t\t<div class=\"iconbox-icon-wrap\"><div class=\"iconbox-icon-container d-inline-flex\"><\/div><\/div>\n\t\t\t\t\n\t\t\t\t<div class=\"contents\">\n\t\t\t\t\n\t\t\t\t<h3 class=\"lqd-iconbox-heading\" >Cr\u00e9ations Originales\n <\/h3>\t\t\t\t<p>Chaque design est soigneusement con\u00e7u \u00e0 partir des meilleurs mat\u00e9riaux pour assurer \u00e9l\u00e9gance et confort. Auz\u00e9e est synonyme d'authenticit\u00e9 et d'originalit\u00e9.\n\n<\/p>\n\t\t\t\t\n\t\t\t\t<\/div>\n\t\t\t\t\n\t\t\t<\/div>\n\n\t\t\t\t\t\t<\/div>\n\t\t\t\t<\/div>\n\t\t\t\t\t<\/div>\n\t\t<\/div>\n\t\t\t\t<div class=\"elementor-column elementor-col-33 elementor-top-column elementor-element elementor-element-b589392\" data-id=\"b589392\" data-element_type=\"column\">\n\t\t\t<div class=\"elementor-widget-wrap elementor-element-populated\">\n\t\t\t\t\t\t<div class=\"elementor-element elementor-element-33e7e5b elementor-align-center elementor-widget elementor-widget-ld_icon_box\" data-id=\"33e7e5b\" data-element_type=\"widget\" data-widget_type=\"ld_icon_box.default\">\n\t\t\t\t<div class=\"elementor-widget-container\">\n\t\t\t\t\t\n\t\t\t<div id=\"ld_icon_box_33e7e5b\" class=\"iconbox d-flex flex-grow-1 pos-rel flex-column iconbox-default\"   >\n\n\t\t\t\t\n\t\t\t\t<div class=\"iconbox-icon-wrap\"><div class=\"iconbox-icon-container d-inline-flex\"><\/div><\/div>\n\t\t\t\t\n\t\t\t\t<div class=\"contents\">\n\t\t\t\t\n\t\t\t\t<h3 class=\"lqd-iconbox-heading\" >Pi\u00e8ces en \u00c9dition Limit\u00e9e\n <\/h3>\t\t\t\t<p>D\u00e9couvrez des collections exclusives disponibles en quantit\u00e9s limit\u00e9es. Con\u00e7ues pour vous autonomiser et vous inspirer, nos pi\u00e8ces sont aussi uniques que les femmes qui les portent.<\/p>\n\t\t\t\t\n\t\t\t\t<\/div>\n\t\t\t\t\n\t\t\t<\/div>\n\n\t\t\t\t\t\t<\/div>\n\t\t\t\t<\/div>\n\t\t\t\t\t<\/div>\n\t\t<\/div>\n\t\t\t\t<div class=\"elementor-column elementor-col-33 elementor-top-column elementor-element elementor-element-284f868\" data-id=\"284f868\" data-element_type=\"column\">\n\t\t\t<div class=\"elementor-widget-wrap elementor-element-populated\">\n\t\t\t\t\t\t<div class=\"elementor-element elementor-element-6cd8308 elementor-align-center elementor-widget elementor-widget-ld_icon_box\" data-id=\"6cd8308\" data-element_type=\"widget\" data-widget_type=\"ld_icon_box.default\">\n\t\t\t\t<div class=\"elementor-widget-container\">\n\t\t\t\t\t\n\t\t\t<div id=\"ld_icon_box_6cd8308\" class=\"iconbox d-flex flex-grow-1 pos-rel flex-column iconbox-default\"   >\n\n\t\t\t\t\n\t\t\t\t<div class=\"iconbox-icon-wrap\"><div class=\"iconbox-icon-container d-inline-flex\"><\/div><\/div>\n\t\t\t\t\n\t\t\t\t<div class=\"contents\">\n\t\t\t\t\n\t\t\t\t<h3 class=\"lqd-iconbox-heading\" >Pratiques Durables <\/h3>\t\t\t\t<p>Chez Auz\u00e9e, nous valorisons la plan\u00e8te. Notre engagement envers la durabilit\u00e9 nous pousse \u00e0 cr\u00e9er des designs respectueux de l'environnement tout en honorant l'artisanat marocain.<\/p>\n\t\t\t\t\n\t\t\t\t<\/div>\n\t\t\t\t\n\t\t\t<\/div>\n\n\t\t\t\t\t\t<\/div>\n\t\t\t\t<\/div>\n\t\t\t\t\t<\/div>\n\t\t<\/div>\n\t\t\t\t\t<\/div>\n\t\t<\/section>\n\t\t\t\t<\/div>","protected":false},"excerpt":{"rendered":"<p>About Auz\u00e9e At Auz\u00e9e, we celebrate elegance and boldness. Born from the vision of a Moroccan woman who dared to follow her childhood dream, our brand bridges modernity and tradition. Elegance, Authenticity, and Timeless Design. At Auz\u00e9e, every piece is a testament to the strength and grace of modern women. Inspired by Moroccan heritage and [&hellip;]<\/p>","protected":false},"author":1,"featured_media":0,"parent":0,"menu_order":0,"comment_status":"closed","ping_status":"closed","template":"","meta":{"footnotes":""},"class_list":["post-549","page","type-page","status-publish","hentry"],"_links":{"self":[{"href":"https:\/\/auzee.ma\/fr\/wp-json\/wp\/v2\/pages\/549","targetHints":{"allow":["GET"]}}],"collection":[{"href":"https:\/\/auzee.ma\/fr\/wp-json\/wp\/v2\/pages"}],"about":[{"href":"https:\/\/auzee.ma\/fr\/wp-json\/wp\/v2\/types\/page"}],"author":[{"embeddable":true,"href":"https:\/\/auzee.ma\/fr\/wp-json\/wp\/v2\/users\/1"}],"replies":[{"embeddable":true,"href":"https:\/\/auzee.ma\/fr\/wp-json\/wp\/v2\/comments?post=549"}],"version-history":[{"count":48,"href":"https:\/\/auzee.ma\/fr\/wp-json\/wp\/v2\/pages\/549\/revisions"}],"predecessor-version":[{"id":5747,"href":"https:\/\/auzee.ma\/fr\/wp-json\/wp\/v2\/pages\/549\/revisions\/5747"}],"wp:attachment":[{"href":"https:\/\/auzee.ma\/fr\/wp-json\/wp\/v2\/media?parent=549"}],"curies":[{"name":"wp","href":"https:\/\/api.w.org\/{rel}","templated":true}]}}